{"id":2197,"date":"2024-01-16T14:31:32","date_gmt":"2024-01-16T13:31:32","guid":{"rendered":"https:\/\/odiotsala.archi\/contact\/"},"modified":"2024-03-08T10:44:35","modified_gmt":"2024-03-08T09:44:35","slug":"contact","status":"publish","type":"page","link":"https:\/\/odiotsala.archi\/en\/contact\/","title":{"rendered":"Contact"},"content":{"rendered":"\t\t<div data-elementor-type=\"wp-page\" data-elementor-id=\"2197\" class=\"elementor elementor-2197 elementor-24\" data-elementor-post-type=\"page\">\n\t\t\t\t\t\t<section class=\"elementor-section elementor-top-section elementor-element elementor-element-fef9db1 elementor-section-boxed elementor-section-height-default elementor-section-height-default\" data-id=\"fef9db1\" data-element_type=\"section\" data-e-type=\"section\" data-settings=\"{&quot;jet_parallax_layout_list&quot;:[]}\">\n\t\t\t\t\t\t<div class=\"elementor-container elementor-column-gap-default\">\n\t\t\t\t\t<div class=\"elementor-column elementor-col-100 elementor-top-column elementor-element elementor-element-c21d259 elementor-invisible\" data-id=\"c21d259\" data-element_type=\"column\" data-e-type=\"column\" data-settings=\"{&quot;animation&quot;:&quot;fadeInLeft&quot;}\">\n\t\t\t<div class=\"elementor-widget-wrap elementor-element-populated\">\n\t\t\t\t\t\t<div class=\"elementor-element elementor-element-9fa739e elementor-widget elementor-widget-heading\" data-id=\"9fa739e\" data-element_type=\"widget\" data-e-type=\"widget\" data-widget_type=\"heading.default\">\n\t\t\t\t<div class=\"elementor-widget-container\">\n\t\t\t\t\t<h1 class=\"elementor-heading-title elementor-size-default\">Contact<\/h1>\t\t\t\t<\/div>\n\t\t\t\t<\/div>\n\t\t\t\t<div class=\"elementor-element elementor-element-e0d9c76 elementor-widget elementor-widget-text-editor\" data-id=\"e0d9c76\" data-element_type=\"widget\" data-e-type=\"widget\" data-widget_type=\"text-editor.default\">\n\t\t\t\t<div class=\"elementor-widget-container\">\n\t\t\t\t\t\t\t\t\t<p><em>Would you like to tell us about your ideas?<br \/><\/em>You can reach us by message or phone call.<\/p>\n\t\t\t\t\t\t\t\t<\/div>\n\t\t\t\t<\/div>\n\t\t\t\t\t<\/div>\n\t\t<\/div>\n\t\t\t\t\t<\/div>\n\t\t<\/section>\n\t\t\t\t<section class=\"elementor-section elementor-top-section elementor-element elementor-element-d1bbcee elementor-section-boxed elementor-section-height-default elementor-section-height-default\" data-id=\"d1bbcee\" data-element_type=\"section\" data-e-type=\"section\" data-settings=\"{&quot;jet_parallax_layout_list&quot;:[]}\">\n\t\t\t\t\t\t<div class=\"elementor-container elementor-column-gap-default\">\n\t\t\t\t\t<div class=\"elementor-column elementor-col-50 elementor-top-column elementor-element elementor-element-c02d8d4\" data-id=\"c02d8d4\" data-element_type=\"column\" data-e-type=\"column\">\n\t\t\t<div class=\"elementor-widget-wrap elementor-element-populated\">\n\t\t\t\t\t\t<div class=\"elementor-element elementor-element-3161f7b elementor-invisible elementor-widget elementor-widget-jet-form-builder-form\" data-id=\"3161f7b\" data-element_type=\"widget\" data-e-type=\"widget\" data-settings=\"{&quot;_animation&quot;:&quot;fadeInUp&quot;}\" data-widget_type=\"jet-form-builder-form.default\">\n\t\t\t\t<div class=\"elementor-widget-container\">\n\t\t\t\t\t<link rel='stylesheet' id='wp-block-library-css' href='https:\/\/odiotsala.archi\/wp-includes\/css\/dist\/block-library\/style.min.css?ver=a069aa' media='all' \/>\n<style id=\"jet-form-builder-2209-inline-css\"><\/style><form  class=\"jet-form-builder layout-column submit-type-reload\" action=\"https:\/\/odiotsala.archi\/en\/wp-json\/wp\/v2\/pages\/2197\/?iv6nDG=XYhjoVyHwy&amp;method=reload\" method=\"POST\" data-form-id=\"2209\" data-layout=\"column\" enctype=\"multipart\/form-data\" novalidate=\"null\" ssr_validation_method=\"rest\">\r\n<input type=\"hidden\" name=\"_jfb_current_render_states[]\" value=\"DEFAULT.STATE\" data-jfb-sync \/><input type=\"hidden\" class=\"jet-form-builder__field hidden-field\" name=\"_jet_engine_booking_form_id\" data-field-name=\"_jet_engine_booking_form_id\" value=\"2209\">\n<input type=\"hidden\" class=\"jet-form-builder__field hidden-field\" name=\"_jet_engine_refer\" data-field-name=\"_jet_engine_refer\" value=\"https:\/\/odiotsala.archi\/en\/wp-json\/wp\/v2\/pages\/2197\/\">\n<input type=\"hidden\" class=\"jet-form-builder__field hidden-field\" name=\"__queried_post_id\" data-field-name=\"__queried_post_id\" value=\"2197\">\n<div  class=\"jet-form-builder-row field-type-text-field\" >\n<div class=\"jet-form-builder__label\">\r\n<div class=\"jet-form-builder__label-text\">Last name and first name <span class=\"jet-form-builder__required\">*<\/span><\/div><\/div><div class=\"jet-form-builder__field-wrap\">\n\t\t\t\t<input required=\"required\" name=\"nom-prenom\" id=\"nom-prenom\" type=\"text\" data-field-name=\"nom-prenom\" class=\"jet-form-builder__field text-field\" data-jfb-sync=\"null\" autocomplete=\"off_4I3UiHNF\">\n\t\t\t\t\t<\/div>\n<\/div>\n\n<div  class=\"jet-form-builder-row field-type-text-field\" >\n<div class=\"jet-form-builder__label\">\r\n<div class=\"jet-form-builder__label-text\">Email <span class=\"jet-form-builder__required\">*<\/span><\/div><\/div><div class=\"jet-form-builder__field-wrap\">\n\t\t\t\t<input required=\"required\" name=\"email\" id=\"email\" type=\"email\" data-field-name=\"email\" class=\"jet-form-builder__field text-field\" data-jfb-sync=\"null\" autocomplete=\"off_mJVswudD\">\n\t\t\t\t\t<\/div>\n<\/div>\n\n<div  class=\"jet-form-builder-row field-type-text-field\" >\n<div class=\"jet-form-builder__label\">\r\n<div class=\"jet-form-builder__label-text\">Phone<\/div><\/div><div class=\"jet-form-builder__field-wrap\">\n\t\t\t\t<input name=\"telephone\" id=\"telephone\" type=\"tel\" data-field-name=\"telephone\" class=\"jet-form-builder__field text-field\" maxlength=\"10\" data-jfb-sync=\"null\" autocomplete=\"off_7TD42Fjv\">\n\t\t\t\t\t<\/div>\n<\/div>\n\n<div  class=\"jet-form-builder-row field-type-text-field\" >\n<div class=\"jet-form-builder__label\">\r\n<div class=\"jet-form-builder__label-text\">The subject of your request <span class=\"jet-form-builder__required\">*<\/span><\/div><\/div><div class=\"jet-form-builder__field-wrap\">\n\t\t\t\t<input required=\"required\" name=\"subject\" id=\"subject\" type=\"text\" data-field-name=\"subject\" class=\"jet-form-builder__field text-field\" data-jfb-sync=\"null\" autocomplete=\"off_LG1mzPf5\">\n\t\t\t\t\t<\/div>\n<\/div>\n\n<div  class=\"jet-form-builder-row field-type-textarea-field\" >\n<div class=\"jet-form-builder__label\">\r\n<div class=\"jet-form-builder__label-text\">Message <span class=\"jet-form-builder__required\">*<\/span><\/div><\/div><div class=\"jet-form-builder__field-wrap\">\n\t\t<textarea class=\"jet-form-builder__field textarea-field\" required=\"required\" name=\"message\" data-field-name=\"message\" id=\"message\" data-jfb-sync=\"null\"><\/textarea>\n\t<\/div>\n<\/div>\n\n<div  class=\"jet-form-builder-row field-type-submit-field\" >\n\t<div data-type=\"submit\" class=\"jet-form-builder__action-button-wrapper jet-form-builder__submit-wrap\">\n\t<button class=\"jet-form-builder__action-button jet-form-builder__submit submit-type-reload\" type=\"submit\">Send my request<\/button>\n\t<\/div>\n\t\n<\/div>\t<div class=\"jet-form-builder-messages-wrap\" data-form-id=\"2209\"><\/div>\n<input\n                    class=\"apbct_special_field apbct_email_id__elementor_form\"\n                    name=\"apbct__email_id__elementor_form\"\n                    aria-label=\"apbct__label_id__elementor_form\"\n                    type=\"text\" size=\"30\" maxlength=\"200\" autocomplete=\"off\"\n                    value=\"\"\n                \/><\/form>\n\t\t\t\t<\/div>\n\t\t\t\t<\/div>\n\t\t\t\t\t<\/div>\n\t\t<\/div>\n\t\t\t\t<div class=\"elementor-column elementor-col-50 elementor-top-column elementor-element elementor-element-f3c778a elementor-invisible\" data-id=\"f3c778a\" data-element_type=\"column\" data-e-type=\"column\" data-settings=\"{&quot;animation&quot;:&quot;fadeInRight&quot;}\">\n\t\t\t<div class=\"elementor-widget-wrap elementor-element-populated\">\n\t\t\t\t\t\t<div class=\"elementor-element elementor-element-91a2b8a elementor-widget elementor-widget-text-editor\" data-id=\"91a2b8a\" data-element_type=\"widget\" data-e-type=\"widget\" data-widget_type=\"text-editor.default\">\n\t\t\t\t<div class=\"elementor-widget-container\">\n\t\t\t\t\t\t\t\t\t<p>Address <\/p>\n\t\t\t\t\t\t\t\t<\/div>\n\t\t\t\t<\/div>\n\t\t\t\t<div class=\"elementor-element elementor-element-14a3b9c elementor-icon-list--layout-traditional elementor-list-item-link-full_width elementor-widget elementor-widget-icon-list\" data-id=\"14a3b9c\" data-element_type=\"widget\" data-e-type=\"widget\" data-widget_type=\"icon-list.default\">\n\t\t\t\t<div class=\"elementor-widget-container\">\n\t\t\t\t\t\t\t<ul class=\"elementor-icon-list-items\">\n\t\t\t\t\t\t\t<li class=\"elementor-icon-list-item\">\n\t\t\t\t\t\t\t\t\t\t<span class=\"elementor-icon-list-text\">27 Bd des Aliziers,<br>83310 Grimaud<\/span>\n\t\t\t\t\t\t\t\t\t<\/li>\n\t\t\t\t\t\t<\/ul>\n\t\t\t\t\t\t<\/div>\n\t\t\t\t<\/div>\n\t\t\t\t<div class=\"elementor-element elementor-element-a140962 elementor-widget elementor-widget-text-editor\" data-id=\"a140962\" data-element_type=\"widget\" data-e-type=\"widget\" data-widget_type=\"text-editor.default\">\n\t\t\t\t<div class=\"elementor-widget-container\">\n\t\t\t\t\t\t\t\t\t<p>Contact details <\/p>\n\t\t\t\t\t\t\t\t<\/div>\n\t\t\t\t<\/div>\n\t\t\t\t<div class=\"elementor-element elementor-element-9415b48 elementor-icon-list--layout-traditional elementor-list-item-link-full_width elementor-widget elementor-widget-icon-list\" data-id=\"9415b48\" data-element_type=\"widget\" data-e-type=\"widget\" data-widget_type=\"icon-list.default\">\n\t\t\t\t<div class=\"elementor-widget-container\">\n\t\t\t\t\t\t\t<ul class=\"elementor-icon-list-items\">\n\t\t\t\t\t\t\t<li class=\"elementor-icon-list-item\">\n\t\t\t\t\t\t\t\t\t\t\t<a href=\"tel:+33645407695\">\n\n\t\t\t\t\t\t\t\t\t\t\t<span class=\"elementor-icon-list-text\">+33 6 45 40 76 95<\/span>\n\t\t\t\t\t\t\t\t\t\t\t<\/a>\n\t\t\t\t\t\t\t\t\t<\/li>\n\t\t\t\t\t\t\t\t<li class=\"elementor-icon-list-item\">\n\t\t\t\t\t\t\t\t\t\t\t<a href=\"mailto:contact@nathalieodiot.com\">\n\n\t\t\t\t\t\t\t\t\t\t\t<span class=\"elementor-icon-list-text\">contact@nathalieodiot.com<\/span>\n\t\t\t\t\t\t\t\t\t\t\t<\/a>\n\t\t\t\t\t\t\t\t\t<\/li>\n\t\t\t\t\t\t<\/ul>\n\t\t\t\t\t\t<\/div>\n\t\t\t\t<\/div>\n\t\t\t\t\t<\/div>\n\t\t<\/div>\n\t\t\t\t\t<\/div>\n\t\t<\/section>\n\t\t\t\t<\/div>\n\t\t","protected":false},"excerpt":{"rendered":"<p>Contact Would you like to tell us about your ideas?You can reach us by message or phone call. Last name and first name * Email * Telephone The subject of your request * Message Send my request Address 27 Bd des Aliziers,83310 Grimaud Contact details +33 6 45 40 76 95 contact@nathalieodiot.com<\/p>\n","protected":false},"author":1,"featured_media":2462,"parent":0,"menu_order":0,"comment_status":"closed","ping_status":"closed","template":"elementor_header_footer","meta":{"footnotes":""},"class_list":["post-2197","page","type-page","status-publish","has-post-thumbnail","hentry"],"yoast_head":"<!-- This site is optimized with the Yoast SEO plugin v27.0 - https:\/\/yoast.com\/product\/yoast-seo-wordpress\/ -->\n<title>Contact - Odiot &amp; Sala Studio d&#039;Architecture d&#039;Int\u00e9rieur<\/title>\n<meta name=\"robots\" content=\"index, follow, max-snippet:-1, max-image-preview:large, max-video-preview:-1\" \/>\n<link rel=\"canonical\" href=\"https:\/\/odiotsala.archi\/en\/contact\/\" \/>\n<meta property=\"og:locale\" content=\"en_US\" \/>\n<meta property=\"og:type\" content=\"article\" \/>\n<meta property=\"og:title\" content=\"Contact - Odiot &amp; Sala Studio d&#039;Architecture d&#039;Int\u00e9rieur\" \/>\n<meta property=\"og:description\" content=\"Contact Would you like to tell us about your ideas?You can reach us by message or phone call. Last name and first name * Email * Telephone The subject of your request * Message Send my request Address 27 Bd des Aliziers,83310 Grimaud Contact details +33 6 45 40 76 95 contact@nathalieodiot.com\" \/>\n<meta property=\"og:url\" content=\"https:\/\/odiotsala.archi\/en\/contact\/\" \/>\n<meta property=\"og:site_name\" content=\"Odiot &amp; Sala Studio d&#039;Architecture d&#039;Int\u00e9rieur\" \/>\n<meta property=\"article:modified_time\" content=\"2024-03-08T09:44:35+00:00\" \/>\n<meta property=\"og:image\" content=\"https:\/\/odiotsala.archi\/wp-content\/uploads\/2024\/03\/Cistes-LCV-3.jpg\" \/>\n\t<meta property=\"og:image:width\" content=\"1792\" \/>\n\t<meta property=\"og:image:height\" content=\"1200\" \/>\n\t<meta property=\"og:image:type\" content=\"image\/jpeg\" \/>\n<meta name=\"twitter:card\" content=\"summary_large_image\" \/>\n<script type=\"application\/ld+json\" class=\"yoast-schema-graph\">{\"@context\":\"https:\/\/schema.org\",\"@graph\":[{\"@type\":\"WebPage\",\"@id\":\"https:\/\/odiotsala.archi\/en\/contact\/\",\"url\":\"https:\/\/odiotsala.archi\/en\/contact\/\",\"name\":\"Contact - Odiot &amp; Sala Studio d&#039;Architecture d&#039;Int\u00e9rieur\",\"isPartOf\":{\"@id\":\"https:\/\/odiotsala.archi\/en\/#website\"},\"primaryImageOfPage\":{\"@id\":\"https:\/\/odiotsala.archi\/en\/contact\/#primaryimage\"},\"image\":{\"@id\":\"https:\/\/odiotsala.archi\/en\/contact\/#primaryimage\"},\"thumbnailUrl\":\"https:\/\/odiotsala.archi\/wp-content\/uploads\/2024\/03\/Belle-etoile-LGF-2.jpg\",\"datePublished\":\"2024-01-16T13:31:32+00:00\",\"dateModified\":\"2024-03-08T09:44:35+00:00\",\"breadcrumb\":{\"@id\":\"https:\/\/odiotsala.archi\/en\/contact\/#breadcrumb\"},\"inLanguage\":\"en-US\",\"potentialAction\":[{\"@type\":\"ReadAction\",\"target\":[\"https:\/\/odiotsala.archi\/en\/contact\/\"]}]},{\"@type\":\"ImageObject\",\"inLanguage\":\"en-US\",\"@id\":\"https:\/\/odiotsala.archi\/en\/contact\/#primaryimage\",\"url\":\"https:\/\/odiotsala.archi\/wp-content\/uploads\/2024\/03\/Belle-etoile-LGF-2.jpg\",\"contentUrl\":\"https:\/\/odiotsala.archi\/wp-content\/uploads\/2024\/03\/Belle-etoile-LGF-2.jpg\",\"width\":1580,\"height\":1200},{\"@type\":\"BreadcrumbList\",\"@id\":\"https:\/\/odiotsala.archi\/en\/contact\/#breadcrumb\",\"itemListElement\":[{\"@type\":\"ListItem\",\"position\":1,\"name\":\"Accueil\",\"item\":\"https:\/\/odiotsala.archi\/en\/\"},{\"@type\":\"ListItem\",\"position\":2,\"name\":\"Contact\"}]},{\"@type\":\"WebSite\",\"@id\":\"https:\/\/odiotsala.archi\/en\/#website\",\"url\":\"https:\/\/odiotsala.archi\/en\/\",\"name\":\"Odiot &amp; Sala Studio d&#039;Architecture d&#039;Int\u00e9rieur\",\"description\":\"Nous concevons des environnements o\u00f9 l&#039;int\u00e9rieur et l&#039;ext\u00e9rieur se connectent harmoniseusement pour cr\u00e9er des atmosph\u00e8res chaleureuses et solaires.\",\"publisher\":{\"@id\":\"https:\/\/odiotsala.archi\/en\/#organization\"},\"potentialAction\":[{\"@type\":\"SearchAction\",\"target\":{\"@type\":\"EntryPoint\",\"urlTemplate\":\"https:\/\/odiotsala.archi\/en\/?s={search_term_string}\"},\"query-input\":{\"@type\":\"PropertyValueSpecification\",\"valueRequired\":true,\"valueName\":\"search_term_string\"}}],\"inLanguage\":\"en-US\"},{\"@type\":\"Organization\",\"@id\":\"https:\/\/odiotsala.archi\/en\/#organization\",\"name\":\"Odiot &amp; Sala Studio d&#039;Architecture d&#039;Int\u00e9rieur\",\"url\":\"https:\/\/odiotsala.archi\/en\/\",\"logo\":{\"@type\":\"ImageObject\",\"inLanguage\":\"en-US\",\"@id\":\"https:\/\/odiotsala.archi\/en\/#\/schema\/logo\/image\/\",\"url\":\"https:\/\/odiotsala.archi\/wp-content\/uploads\/2024\/06\/Logo-Odiot-Sala-1.png\",\"contentUrl\":\"https:\/\/odiotsala.archi\/wp-content\/uploads\/2024\/06\/Logo-Odiot-Sala-1.png\",\"width\":1078,\"height\":226,\"caption\":\"Odiot &amp; Sala Studio d&#039;Architecture d&#039;Int\u00e9rieur\"},\"image\":{\"@id\":\"https:\/\/odiotsala.archi\/en\/#\/schema\/logo\/image\/\"}}]}<\/script>\n<!-- \/ Yoast SEO plugin. -->","yoast_head_json":{"title":"Contact - Odiot &amp; Sala Studio d&#039;Architecture d&#039;Int\u00e9rieur","robots":{"index":"index","follow":"follow","max-snippet":"max-snippet:-1","max-image-preview":"max-image-preview:large","max-video-preview":"max-video-preview:-1"},"canonical":"https:\/\/odiotsala.archi\/en\/contact\/","og_locale":"en_US","og_type":"article","og_title":"Contact - Odiot &amp; Sala Studio d&#039;Architecture d&#039;Int\u00e9rieur","og_description":"Contact Would you like to tell us about your ideas?You can reach us by message or phone call. Last name and first name * Email * Telephone The subject of your request * Message Send my request Address 27 Bd des Aliziers,83310 Grimaud Contact details +33 6 45 40 76 95 contact@nathalieodiot.com","og_url":"https:\/\/odiotsala.archi\/en\/contact\/","og_site_name":"Odiot &amp; Sala Studio d&#039;Architecture d&#039;Int\u00e9rieur","article_modified_time":"2024-03-08T09:44:35+00:00","og_image":[{"width":1792,"height":1200,"url":"https:\/\/odiotsala.archi\/wp-content\/uploads\/2024\/03\/Cistes-LCV-3.jpg","type":"image\/jpeg"}],"twitter_card":"summary_large_image","schema":{"@context":"https:\/\/schema.org","@graph":[{"@type":"WebPage","@id":"https:\/\/odiotsala.archi\/en\/contact\/","url":"https:\/\/odiotsala.archi\/en\/contact\/","name":"Contact - Odiot &amp; Sala Studio d&#039;Architecture d&#039;Int\u00e9rieur","isPartOf":{"@id":"https:\/\/odiotsala.archi\/en\/#website"},"primaryImageOfPage":{"@id":"https:\/\/odiotsala.archi\/en\/contact\/#primaryimage"},"image":{"@id":"https:\/\/odiotsala.archi\/en\/contact\/#primaryimage"},"thumbnailUrl":"https:\/\/odiotsala.archi\/wp-content\/uploads\/2024\/03\/Belle-etoile-LGF-2.jpg","datePublished":"2024-01-16T13:31:32+00:00","dateModified":"2024-03-08T09:44:35+00:00","breadcrumb":{"@id":"https:\/\/odiotsala.archi\/en\/contact\/#breadcrumb"},"inLanguage":"en-US","potentialAction":[{"@type":"ReadAction","target":["https:\/\/odiotsala.archi\/en\/contact\/"]}]},{"@type":"ImageObject","inLanguage":"en-US","@id":"https:\/\/odiotsala.archi\/en\/contact\/#primaryimage","url":"https:\/\/odiotsala.archi\/wp-content\/uploads\/2024\/03\/Belle-etoile-LGF-2.jpg","contentUrl":"https:\/\/odiotsala.archi\/wp-content\/uploads\/2024\/03\/Belle-etoile-LGF-2.jpg","width":1580,"height":1200},{"@type":"BreadcrumbList","@id":"https:\/\/odiotsala.archi\/en\/contact\/#breadcrumb","itemListElement":[{"@type":"ListItem","position":1,"name":"Accueil","item":"https:\/\/odiotsala.archi\/en\/"},{"@type":"ListItem","position":2,"name":"Contact"}]},{"@type":"WebSite","@id":"https:\/\/odiotsala.archi\/en\/#website","url":"https:\/\/odiotsala.archi\/en\/","name":"Odiot &amp; Sala Studio d&#039;Architecture d&#039;Int\u00e9rieur","description":"Nous concevons des environnements o\u00f9 l&#039;int\u00e9rieur et l&#039;ext\u00e9rieur se connectent harmoniseusement pour cr\u00e9er des atmosph\u00e8res chaleureuses et solaires.","publisher":{"@id":"https:\/\/odiotsala.archi\/en\/#organization"},"potentialAction":[{"@type":"SearchAction","target":{"@type":"EntryPoint","urlTemplate":"https:\/\/odiotsala.archi\/en\/?s={search_term_string}"},"query-input":{"@type":"PropertyValueSpecification","valueRequired":true,"valueName":"search_term_string"}}],"inLanguage":"en-US"},{"@type":"Organization","@id":"https:\/\/odiotsala.archi\/en\/#organization","name":"Odiot &amp; Sala Studio d&#039;Architecture d&#039;Int\u00e9rieur","url":"https:\/\/odiotsala.archi\/en\/","logo":{"@type":"ImageObject","inLanguage":"en-US","@id":"https:\/\/odiotsala.archi\/en\/#\/schema\/logo\/image\/","url":"https:\/\/odiotsala.archi\/wp-content\/uploads\/2024\/06\/Logo-Odiot-Sala-1.png","contentUrl":"https:\/\/odiotsala.archi\/wp-content\/uploads\/2024\/06\/Logo-Odiot-Sala-1.png","width":1078,"height":226,"caption":"Odiot &amp; Sala Studio d&#039;Architecture d&#039;Int\u00e9rieur"},"image":{"@id":"https:\/\/odiotsala.archi\/en\/#\/schema\/logo\/image\/"}}]}},"_links":{"self":[{"href":"https:\/\/odiotsala.archi\/en\/wp-json\/wp\/v2\/pages\/2197","targetHints":{"allow":["GET"]}}],"collection":[{"href":"https:\/\/odiotsala.archi\/en\/wp-json\/wp\/v2\/pages"}],"about":[{"href":"https:\/\/odiotsala.archi\/en\/wp-json\/wp\/v2\/types\/page"}],"author":[{"embeddable":true,"href":"https:\/\/odiotsala.archi\/en\/wp-json\/wp\/v2\/users\/1"}],"replies":[{"embeddable":true,"href":"https:\/\/odiotsala.archi\/en\/wp-json\/wp\/v2\/comments?post=2197"}],"version-history":[{"count":4,"href":"https:\/\/odiotsala.archi\/en\/wp-json\/wp\/v2\/pages\/2197\/revisions"}],"predecessor-version":[{"id":2214,"href":"https:\/\/odiotsala.archi\/en\/wp-json\/wp\/v2\/pages\/2197\/revisions\/2214"}],"wp:featuredmedia":[{"embeddable":true,"href":"https:\/\/odiotsala.archi\/en\/wp-json\/wp\/v2\/media\/2462"}],"wp:attachment":[{"href":"https:\/\/odiotsala.archi\/en\/wp-json\/wp\/v2\/media?parent=2197"}],"curies":[{"name":"wp","href":"https:\/\/api.w.org\/{rel}","templated":true}]}}